{"id":1617,"date":"2026-04-13T11:12:45","date_gmt":"2026-04-13T11:12:45","guid":{"rendered":"https:\/\/paps3sis.esp550.pt\/santiago\/?post_type=product&#038;p=1617"},"modified":"2026-04-13T11:12:46","modified_gmt":"2026-04-13T11:12:46","slug":"sapatilhas-de-running-galaxy-7","status":"publish","type":"product","link":"https:\/\/paps3sis.esp550.pt\/santiago\/product\/sapatilhas-de-running-galaxy-7\/","title":{"rendered":"Sapatilhas de Running Galaxy 7"},"content":{"rendered":"<h3 class=\"description_subtitle__5h3_L\">Sapatilhas de running com apoio e uma sensa\u00e7\u00e3o de amortecimento.<\/h3>\n<p class=\"description_margin__cBW26\">Cada corrida \u00e9 uma nova descoberta. Cal\u00e7a estas sapatilhas de running adidas e explora o teu potencial. A entressola Cloudfoam amortece a tua passada para te manter confort\u00e1vel enquanto trabalhas a resist\u00eancia. O topo em t\u00eaxtil resistente oferece uma sensa\u00e7\u00e3o de apoio, das primeiras voltas \u00e0 pista \u00e0 primeira prova de 5 km.<\/p>\n<p>&nbsp;<\/p>\n<ul class=\"gl-list vertical-space-small\">\n<li class=\"vertical-space-small\">Ajuste normal<\/li>\n<li class=\"vertical-space-small\">Com atacadores<\/li>\n<li class=\"vertical-space-small\">Topo em t\u00eaxtil<\/li>\n<li class=\"vertical-space-small\">Forro em t\u00eaxtil<\/li>\n<li class=\"vertical-space-small\">Entressola Cloudfoam<\/li>\n<\/ul>\n<ul class=\"gl-list vertical-space-small\">\n<li class=\"vertical-space-small\">Sola em TPU<\/li>\n<li class=\"vertical-space-small\">Peso: 278 g (tamanho 38\u00a02\/3)<\/li>\n<li class=\"vertical-space-small\">Declive da entressola: 6 mm (calcanhar 34 mm \/ biqueira 28 mm)<\/li>\n<li class=\"vertical-space-small\">Cor do artigo: Core Black \/ Cloud White \/ Carbon<\/li>\n<li class=\"vertical-space-small\">C\u00f3digo do artigo: ID8765<\/li>\n<\/ul>\n","protected":false},"excerpt":{"rendered":"<p>Sapatilhas de running com apoio e uma sensa\u00e7\u00e3o de amortecimento. Cada corrida \u00e9 uma nova descoberta. Cal\u00e7a estas sapatilhas de running adidas e explora o teu potencial. A entressola Cloudfoam amortece a tua passada para te manter confort\u00e1vel enquanto trabalhas a resist\u00eancia. O topo em t\u00eaxtil resistente oferece uma sensa\u00e7\u00e3o de apoio, das primeiras voltas [&hellip;]<\/p>\n","protected":false},"featured_media":1627,"comment_status":"open","ping_status":"closed","template":"","meta":{"zakra_page_container_layout":"customizer","zakra_page_sidebar_layout":"customizer","zakra_remove_content_margin":false,"zakra_sidebar":"customizer","zakra_transparent_header":"customizer","zakra_logo":0,"zakra_main_header_style":"default","zakra_menu_item_color":"","zakra_menu_item_hover_color":"","zakra_menu_item_active_color":"","zakra_menu_active_style":"","zakra_page_header":true},"product_brand":[],"product_cat":[27,26],"product_tag":[],"class_list":{"0":"post-1617","1":"product","2":"type-product","3":"status-publish","4":"has-post-thumbnail","6":"product_cat-calcadomulher","7":"product_cat-sapatilhas-mulher","9":"first","10":"instock","11":"shipping-taxable","12":"purchasable","13":"product-type-variable"},"_links":{"self":[{"href":"https:\/\/paps3sis.esp550.pt\/santiago\/wp-json\/wp\/v2\/product\/1617","targetHints":{"allow":["GET"]}}],"collection":[{"href":"https:\/\/paps3sis.esp550.pt\/santiago\/wp-json\/wp\/v2\/product"}],"about":[{"href":"https:\/\/paps3sis.esp550.pt\/santiago\/wp-json\/wp\/v2\/types\/product"}],"replies":[{"embeddable":true,"href":"https:\/\/paps3sis.esp550.pt\/santiago\/wp-json\/wp\/v2\/comments?post=1617"}],"wp:featuredmedia":[{"embeddable":true,"href":"https:\/\/paps3sis.esp550.pt\/santiago\/wp-json\/wp\/v2\/media\/1627"}],"wp:attachment":[{"href":"https:\/\/paps3sis.esp550.pt\/santiago\/wp-json\/wp\/v2\/media?parent=1617"}],"wp:term":[{"taxonomy":"product_brand","embeddable":true,"href":"https:\/\/paps3sis.esp550.pt\/santiago\/wp-json\/wp\/v2\/product_brand?post=1617"},{"taxonomy":"product_cat","embeddable":true,"href":"https:\/\/paps3sis.esp550.pt\/santiago\/wp-json\/wp\/v2\/product_cat?post=1617"},{"taxonomy":"product_tag","embeddable":true,"href":"https:\/\/paps3sis.esp550.pt\/santiago\/wp-json\/wp\/v2\/product_tag?post=1617"}],"curies":[{"name":"wp","href":"https:\/\/api.w.org\/{rel}","templated":true}]}}