{"id":1592,"date":"2026-03-23T10:36:43","date_gmt":"2026-03-23T10:36:43","guid":{"rendered":"https:\/\/paps3sis.esp550.pt\/santiago\/?post_type=product&#038;p=1592"},"modified":"2026-03-23T10:36:44","modified_gmt":"2026-03-23T10:36:44","slug":"calcoes-justos-optime","status":"publish","type":"product","link":"https:\/\/paps3sis.esp550.pt\/santiago\/product\/calcoes-justos-optime\/","title":{"rendered":"Cal\u00e7\u00f5es Justos Optim\u00e9"},"content":{"rendered":"<h3 class=\"description_subtitle__5h3_L\">Cal\u00e7\u00f5es justos de cintura alta com tecnologia Adimove para uma sensa\u00e7\u00e3o pr\u00f3xima da pele.<\/h3>\n<p class=\"description_margin__cBW26\">Descobre o conforto e o desempenho com os cal\u00e7\u00f5es justos Optim\u00e9, a tua escolha para as sess\u00f5es de treino e n\u00e3o s\u00f3. O tecido Adimove oferece uma sensa\u00e7\u00e3o elegante junto \u00e0 pele e uma forma duradoura com a tecnologia Lycra\u00ae Sport. Quer v\u00e1s ao gin\u00e1sio ou desfrutes de um dia de lazer, a cobertura \u00e0 prova de agachamento e a elasticidade de 4 vias permitem-te mover com confian\u00e7a. Corpo fresco. Seco. Pronto. O Climacool afasta o suor permitindo um desempenho fresco, seco e sem distra\u00e7\u00f5es. A cintura alta oferece um ajuste seguro, para que te sintas apoiada. Al\u00e9m disso, o bolso exclusivo na coxa \u00e9 \u00f3timo para guardares os teus artigos essenciais, tornando estes cal\u00e7\u00f5es justos t\u00e3o pr\u00e1ticos como elegantes. Experimenta uma mistura de inova\u00e7\u00e3o e conforto com estes cal\u00e7\u00f5es e faz da adidas uma parte do teu estilo de vida ativo.<\/p>\n<p>&nbsp;<\/p>\n<ul class=\"gl-list vertical-space-small\">\n<li class=\"vertical-space-small\">Corte justo<\/li>\n<li class=\"vertical-space-small\">C\u00f3s subido<\/li>\n<li class=\"vertical-space-small\">73% poli\u00e9ster (100% reciclado), 27% elastano<\/li>\n<li class=\"vertical-space-small\">Tecido interlock<\/li>\n<li class=\"vertical-space-small\">Bolso caracter\u00edstico na coxa<\/li>\n<li class=\"vertical-space-small\">C\u00f3s alto<\/li>\n<\/ul>\n<ul class=\"gl-list vertical-space-small\">\n<li class=\"vertical-space-small\">Tecnologia ADIMOVE<\/li>\n<li class=\"vertical-space-small\">Cobertura \u00e0 prova de agachamento<\/li>\n<li class=\"vertical-space-small\">Tecnologia CLIMACOOL<\/li>\n<li class=\"vertical-space-small\">Cor do artigo: Aurora Coffee<\/li>\n<li class=\"vertical-space-small\">C\u00f3digo do artigo: KF1043<\/li>\n<\/ul>\n","protected":false},"excerpt":{"rendered":"<p>Cal\u00e7\u00f5es justos de cintura alta com tecnologia Adimove para uma sensa\u00e7\u00e3o pr\u00f3xima da pele. Descobre o conforto e o desempenho com os cal\u00e7\u00f5es justos Optim\u00e9, a tua escolha para as sess\u00f5es de treino e n\u00e3o s\u00f3. O tecido Adimove oferece uma sensa\u00e7\u00e3o elegante junto \u00e0 pele e uma forma duradoura com a tecnologia Lycra\u00ae Sport. [&hellip;]<\/p>\n","protected":false},"featured_media":1604,"comment_status":"open","ping_status":"closed","template":"","meta":{"zakra_page_container_layout":"customizer","zakra_page_sidebar_layout":"customizer","zakra_remove_content_margin":false,"zakra_sidebar":"customizer","zakra_transparent_header":"customizer","zakra_logo":0,"zakra_main_header_style":"default","zakra_menu_item_color":"","zakra_menu_item_hover_color":"","zakra_menu_item_active_color":"","zakra_menu_active_style":"","zakra_page_header":true},"product_brand":[],"product_cat":[25,37],"product_tag":[],"class_list":{"0":"post-1592","1":"product","2":"type-product","3":"status-publish","4":"has-post-thumbnail","6":"product_cat-mulher","7":"product_cat-roupadetreino","9":"first","10":"instock","11":"shipping-taxable","12":"purchasable","13":"product-type-variable"},"_links":{"self":[{"href":"https:\/\/paps3sis.esp550.pt\/santiago\/wp-json\/wp\/v2\/product\/1592","targetHints":{"allow":["GET"]}}],"collection":[{"href":"https:\/\/paps3sis.esp550.pt\/santiago\/wp-json\/wp\/v2\/product"}],"about":[{"href":"https:\/\/paps3sis.esp550.pt\/santiago\/wp-json\/wp\/v2\/types\/product"}],"replies":[{"embeddable":true,"href":"https:\/\/paps3sis.esp550.pt\/santiago\/wp-json\/wp\/v2\/comments?post=1592"}],"wp:featuredmedia":[{"embeddable":true,"href":"https:\/\/paps3sis.esp550.pt\/santiago\/wp-json\/wp\/v2\/media\/1604"}],"wp:attachment":[{"href":"https:\/\/paps3sis.esp550.pt\/santiago\/wp-json\/wp\/v2\/media?parent=1592"}],"wp:term":[{"taxonomy":"product_brand","embeddable":true,"href":"https:\/\/paps3sis.esp550.pt\/santiago\/wp-json\/wp\/v2\/product_brand?post=1592"},{"taxonomy":"product_cat","embeddable":true,"href":"https:\/\/paps3sis.esp550.pt\/santiago\/wp-json\/wp\/v2\/product_cat?post=1592"},{"taxonomy":"product_tag","embeddable":true,"href":"https:\/\/paps3sis.esp550.pt\/santiago\/wp-json\/wp\/v2\/product_tag?post=1592"}],"curies":[{"name":"wp","href":"https:\/\/api.w.org\/{rel}","templated":true}]}}