{"id":1474,"date":"2026-03-02T10:03:27","date_gmt":"2026-03-02T10:03:27","guid":{"rendered":"https:\/\/paps3sis.esp550.pt\/santiago\/?post_type=product&#038;p=1474"},"modified":"2026-03-02T10:35:54","modified_gmt":"2026-03-02T10:35:54","slug":"joelheiras-181-originals","status":"publish","type":"product","link":"https:\/\/paps3sis.esp550.pt\/santiago\/product\/joelheiras-181-originals\/","title":{"rendered":"Joelheiras 181 Originals"},"content":{"rendered":"<ul>\n<li>Par de Joelheiras Brancas ou Pretas de alta qualidade para desportistas exigentes<\/li>\n<\/ul>\n<p>&nbsp;<\/p>\n<p>Joelheiras de Alta Performance 181<\/p>\n<p>As joelheiras 181 s\u00e3o projetadas para oferecer m\u00e1xima prote\u00e7\u00e3o, conforto e suporte durante a pr\u00e1tica esportiva. Ideais para atletas de futsal, volei, andebol e outras modalidades que exigem prote\u00e7\u00e3o extra, as nossas joelheiras s\u00e3o feitas com materiais de alta qualidade que absorvem impactos e reduzem o risco de les\u00f5es.<\/p>\n<p>Principais Caracter\u00edsticas:<\/p>\n<p>Prote\u00e7\u00e3o Avan\u00e7ada: Espuma de alta densidade que oferece excelente absor\u00e7\u00e3o de impacto, protegendo seus joelhos durante quedas e movimentos bruscos.<br \/>\nConforto e Ajuste Perfeito: Design ergon\u00f3mico com ajuste el\u00e1stico que se adapta ao formato do joelho, garantindo conforto sem apertar ou escorregar durante o uso.<br \/>\nRespirabilidade: Materiais respir\u00e1veis que evitam o ac\u00famulo de suor, mantendo sua pele seca e confort\u00e1vel mesmo nos treinos mais intensos.<br \/>\nDurabilidade Extrema: Constru\u00e7\u00e3o robusta que garante resist\u00eancia ao desgaste, mesmo com uso frequente e sob condi\u00e7\u00f5es de alta performance.<\/p>\n","protected":false},"excerpt":{"rendered":"<p>Par de Joelheiras Brancas ou Pretas de alta qualidade para desportistas exigentes &nbsp; Joelheiras de Alta Performance 181 As joelheiras 181 s\u00e3o projetadas para oferecer m\u00e1xima prote\u00e7\u00e3o, conforto e suporte durante a pr\u00e1tica esportiva. Ideais para atletas de futsal, volei, andebol e outras modalidades que exigem prote\u00e7\u00e3o extra, as nossas joelheiras s\u00e3o feitas com materiais [&hellip;]<\/p>\n","protected":false},"featured_media":1475,"comment_status":"open","ping_status":"closed","template":"","meta":{"zakra_page_container_layout":"customizer","zakra_page_sidebar_layout":"customizer","zakra_remove_content_margin":false,"zakra_sidebar":"customizer","zakra_transparent_header":"customizer","zakra_logo":0,"zakra_main_header_style":"default","zakra_menu_item_color":"","zakra_menu_item_hover_color":"","zakra_menu_item_active_color":"","zakra_menu_active_style":"","zakra_page_header":true},"product_brand":[],"product_cat":[38,22],"product_tag":[],"class_list":{"0":"post-1474","1":"product","2":"type-product","3":"status-publish","4":"has-post-thumbnail","6":"product_cat-cotoveleirasejoelheiras","7":"product_cat-homem","9":"first","10":"instock","11":"shipping-taxable","12":"purchasable","13":"product-type-variable"},"_links":{"self":[{"href":"https:\/\/paps3sis.esp550.pt\/santiago\/wp-json\/wp\/v2\/product\/1474","targetHints":{"allow":["GET"]}}],"collection":[{"href":"https:\/\/paps3sis.esp550.pt\/santiago\/wp-json\/wp\/v2\/product"}],"about":[{"href":"https:\/\/paps3sis.esp550.pt\/santiago\/wp-json\/wp\/v2\/types\/product"}],"replies":[{"embeddable":true,"href":"https:\/\/paps3sis.esp550.pt\/santiago\/wp-json\/wp\/v2\/comments?post=1474"}],"wp:featuredmedia":[{"embeddable":true,"href":"https:\/\/paps3sis.esp550.pt\/santiago\/wp-json\/wp\/v2\/media\/1475"}],"wp:attachment":[{"href":"https:\/\/paps3sis.esp550.pt\/santiago\/wp-json\/wp\/v2\/media?parent=1474"}],"wp:term":[{"taxonomy":"product_brand","embeddable":true,"href":"https:\/\/paps3sis.esp550.pt\/santiago\/wp-json\/wp\/v2\/product_brand?post=1474"},{"taxonomy":"product_cat","embeddable":true,"href":"https:\/\/paps3sis.esp550.pt\/santiago\/wp-json\/wp\/v2\/product_cat?post=1474"},{"taxonomy":"product_tag","embeddable":true,"href":"https:\/\/paps3sis.esp550.pt\/santiago\/wp-json\/wp\/v2\/product_tag?post=1474"}],"curies":[{"name":"wp","href":"https:\/\/api.w.org\/{rel}","templated":true}]}}