{"id":1196,"date":"2026-01-29T17:40:08","date_gmt":"2026-01-29T17:40:08","guid":{"rendered":"https:\/\/paps3sis.esp550.pt\/santiago\/?post_type=product&#038;p=1196"},"modified":"2026-02-09T12:48:17","modified_gmt":"2026-02-09T12:48:17","slug":"botas-de-futebol-sem-atacadores-f50-league-piso-firme-multissuperficie","status":"publish","type":"product","link":"https:\/\/paps3sis.esp550.pt\/santiago\/product\/botas-de-futebol-sem-atacadores-f50-league-piso-firme-multissuperficie\/","title":{"rendered":"Botas de futebol sem Atacadores F50 LEAGUE &#8211; Piso firme\/Multissuperf\u00edcie"},"content":{"rendered":"<ul class=\"gl-list vertical-space-small\">\n<li class=\"vertical-space-small\">Corte normal<\/li>\n<li class=\"vertical-space-small\">Sem atacadores<\/li>\n<li class=\"vertical-space-small\">Topo em t\u00eaxtil e material sint\u00e9tico<\/li>\n<li class=\"vertical-space-small\">Palmilha em t\u00eaxtil<\/li>\n<li class=\"vertical-space-small\">Sola Exterior em TPU<\/li>\n<\/ul>\n<ul class=\"gl-list vertical-space-small\">\n<li class=\"vertical-space-small\">Sprintgrid<\/li>\n<li class=\"vertical-space-small\">Sprintplate 360<\/li>\n<li class=\"vertical-space-small\">Cor do artigo: Team Solar Yellow 2 \/ Core Black \/ Lucid Red<\/li>\n<li class=\"vertical-space-small\">C\u00f3digo do artigo: JP8346<\/li>\n<\/ul>\n<h3 class=\"description_subtitle__5h3_L\">Chuteiras de Futebol com Parte Superior em Fiberskin para um Maior Controlo.<\/h3>\n<p class=\"description_margin__cBW26\">Concebidas para dominar o campo, as chuteiras F50 League Laceless Firm Ground \/ Multi Ground oferecem velocidade superior e desempenho durante um jogo. A parte superior em Fiberskin renovada apresenta linhas 3D estrategicamente colocadas para apoio e toque suave, enquanto a sola exterior Sprintplate 360 combina pit\u00f5es com l\u00e2minas e semic\u00f3nicos para oferecer agilidade e velocidade em todo o campo. Com uma gola em malha sem cord\u00f5es para um conforto e fixa\u00e7\u00e3o impressionantes, estas chuteiras proporcionam um ajuste confort\u00e1vel. a adidas traz-te as chuteiras definitivas para solo firme, concebidas para tra\u00e7\u00e3o e desempenho \u00f3timos.<\/p>\n","protected":false},"excerpt":{"rendered":"<p>Corte normal Sem atacadores Topo em t\u00eaxtil e material sint\u00e9tico Palmilha em t\u00eaxtil Sola Exterior em TPU Sprintgrid Sprintplate 360 Cor do artigo: Team Solar Yellow 2 \/ Core Black \/ Lucid Red C\u00f3digo do artigo: JP8346 Chuteiras de Futebol com Parte Superior em Fiberskin para um Maior Controlo. Concebidas para dominar o campo, as [&hellip;]<\/p>\n","protected":false},"featured_media":1197,"comment_status":"open","ping_status":"closed","template":"","meta":{"zakra_page_container_layout":"customizer","zakra_page_sidebar_layout":"customizer","zakra_remove_content_margin":false,"zakra_sidebar":"customizer","zakra_transparent_header":"customizer","zakra_logo":0,"zakra_main_header_style":"default","zakra_menu_item_color":"","zakra_menu_item_hover_color":"","zakra_menu_item_active_color":"","zakra_menu_active_style":"","zakra_page_header":true},"product_brand":[],"product_cat":[36,22],"product_tag":[],"class_list":{"0":"post-1196","1":"product","2":"type-product","3":"status-publish","4":"has-post-thumbnail","6":"product_cat-botasfutebol","7":"product_cat-homem","9":"first","10":"instock","11":"shipping-taxable","12":"purchasable","13":"product-type-variable"},"_links":{"self":[{"href":"https:\/\/paps3sis.esp550.pt\/santiago\/wp-json\/wp\/v2\/product\/1196","targetHints":{"allow":["GET"]}}],"collection":[{"href":"https:\/\/paps3sis.esp550.pt\/santiago\/wp-json\/wp\/v2\/product"}],"about":[{"href":"https:\/\/paps3sis.esp550.pt\/santiago\/wp-json\/wp\/v2\/types\/product"}],"replies":[{"embeddable":true,"href":"https:\/\/paps3sis.esp550.pt\/santiago\/wp-json\/wp\/v2\/comments?post=1196"}],"wp:featuredmedia":[{"embeddable":true,"href":"https:\/\/paps3sis.esp550.pt\/santiago\/wp-json\/wp\/v2\/media\/1197"}],"wp:attachment":[{"href":"https:\/\/paps3sis.esp550.pt\/santiago\/wp-json\/wp\/v2\/media?parent=1196"}],"wp:term":[{"taxonomy":"product_brand","embeddable":true,"href":"https:\/\/paps3sis.esp550.pt\/santiago\/wp-json\/wp\/v2\/product_brand?post=1196"},{"taxonomy":"product_cat","embeddable":true,"href":"https:\/\/paps3sis.esp550.pt\/santiago\/wp-json\/wp\/v2\/product_cat?post=1196"},{"taxonomy":"product_tag","embeddable":true,"href":"https:\/\/paps3sis.esp550.pt\/santiago\/wp-json\/wp\/v2\/product_tag?post=1196"}],"curies":[{"name":"wp","href":"https:\/\/api.w.org\/{rel}","templated":true}]}}