{"id":1191,"date":"2026-01-29T17:36:41","date_gmt":"2026-01-29T17:36:41","guid":{"rendered":"https:\/\/paps3sis.esp550.pt\/santiago\/?post_type=product&#038;p=1191"},"modified":"2026-01-29T17:36:41","modified_gmt":"2026-01-29T17:36:41","slug":"camisola-principal-25-26-do-liverpool-fc","status":"publish","type":"product","link":"https:\/\/paps3sis.esp550.pt\/santiago\/product\/camisola-principal-25-26-do-liverpool-fc\/","title":{"rendered":"Camisola Principal 25\/26 do Liverpool FC"},"content":{"rendered":"<ul class=\"gl-list vertical-space-small\">\n<li class=\"vertical-space-small\">Corte justo<\/li>\n<li class=\"vertical-space-small\">Gola arredondada<\/li>\n<li class=\"vertical-space-small\">100% poli\u00e9ster (reciclado)<\/li>\n<li class=\"vertical-space-small\">AEROREADY<\/li>\n<\/ul>\n<ul class=\"gl-list vertical-space-small\">\n<li class=\"vertical-space-small\">Emblema do Liverpool FC<\/li>\n<li class=\"vertical-space-small\">Cor do artigo: Strawberry Red<\/li>\n<li class=\"vertical-space-small\">C\u00f3digo do artigo: JV6423<\/li>\n<\/ul>\n<h3 class=\"description_subtitle__5h3_L\">Uma camisola de adepto que se inspira na longa hist\u00f3ria do Liverpool FC com a adidas.<\/h3>\n<p class=\"description_margin__cBW26\">Bem-vindos a casa, Reds. O Liverpool FC e a adidas sempre foram a equipa perfeita. No in\u00edcio de mais uma colabora\u00e7\u00e3o, esta camisola principal traz algumas vibes do futebol de meados dos anos 00 com um visual limpo e n\u00edtido emoldurado por barras brancas. Atrav\u00e9s de sonhos e can\u00e7\u00f5es, o AEROREADY, que gere a humidade, mant\u00e9m os f\u00e3s confort\u00e1veis, enquanto um \u00abLiver Bird\u00bb no peito n\u00e3o pode deixar de trazer esperan\u00e7a ao teu cora\u00e7\u00e3o.<\/p>\n","protected":false},"excerpt":{"rendered":"<p>Corte justo Gola arredondada 100% poli\u00e9ster (reciclado) AEROREADY Emblema do Liverpool FC Cor do artigo: Strawberry Red C\u00f3digo do artigo: JV6423 Uma camisola de adepto que se inspira na longa hist\u00f3ria do Liverpool FC com a adidas. Bem-vindos a casa, Reds. O Liverpool FC e a adidas sempre foram a equipa perfeita. No in\u00edcio de [&hellip;]<\/p>\n","protected":false},"featured_media":1192,"comment_status":"open","ping_status":"closed","template":"","meta":{"zakra_page_container_layout":"customizer","zakra_page_sidebar_layout":"customizer","zakra_remove_content_margin":false,"zakra_sidebar":"customizer","zakra_transparent_header":"customizer","zakra_logo":0,"zakra_main_header_style":"default","zakra_menu_item_color":"","zakra_menu_item_hover_color":"","zakra_menu_item_active_color":"","zakra_menu_active_style":"","zakra_page_header":true},"product_brand":[],"product_cat":[22,28],"product_tag":[],"class_list":{"0":"post-1191","1":"product","2":"type-product","3":"status-publish","4":"has-post-thumbnail","6":"product_cat-homem","7":"product_cat-tshirtdeclubes","9":"first","10":"instock","11":"shipping-taxable","12":"purchasable","13":"product-type-simple"},"_links":{"self":[{"href":"https:\/\/paps3sis.esp550.pt\/santiago\/wp-json\/wp\/v2\/product\/1191","targetHints":{"allow":["GET"]}}],"collection":[{"href":"https:\/\/paps3sis.esp550.pt\/santiago\/wp-json\/wp\/v2\/product"}],"about":[{"href":"https:\/\/paps3sis.esp550.pt\/santiago\/wp-json\/wp\/v2\/types\/product"}],"replies":[{"embeddable":true,"href":"https:\/\/paps3sis.esp550.pt\/santiago\/wp-json\/wp\/v2\/comments?post=1191"}],"wp:featuredmedia":[{"embeddable":true,"href":"https:\/\/paps3sis.esp550.pt\/santiago\/wp-json\/wp\/v2\/media\/1192"}],"wp:attachment":[{"href":"https:\/\/paps3sis.esp550.pt\/santiago\/wp-json\/wp\/v2\/media?parent=1191"}],"wp:term":[{"taxonomy":"product_brand","embeddable":true,"href":"https:\/\/paps3sis.esp550.pt\/santiago\/wp-json\/wp\/v2\/product_brand?post=1191"},{"taxonomy":"product_cat","embeddable":true,"href":"https:\/\/paps3sis.esp550.pt\/santiago\/wp-json\/wp\/v2\/product_cat?post=1191"},{"taxonomy":"product_tag","embeddable":true,"href":"https:\/\/paps3sis.esp550.pt\/santiago\/wp-json\/wp\/v2\/product_tag?post=1191"}],"curies":[{"name":"wp","href":"https:\/\/api.w.org\/{rel}","templated":true}]}}