{"id":1176,"date":"2026-01-23T14:59:59","date_gmt":"2026-01-23T14:59:59","guid":{"rendered":"https:\/\/paps3sis.esp550.pt\/santiago\/?post_type=product&#038;p=1176"},"modified":"2026-01-23T14:59:59","modified_gmt":"2026-01-23T14:59:59","slug":"camisola-de-treino-tiro-25-competition-do-arsenal","status":"publish","type":"product","link":"https:\/\/paps3sis.esp550.pt\/santiago\/product\/camisola-de-treino-tiro-25-competition-do-arsenal\/","title":{"rendered":"Camisola de Treino Tiro 25 Competition do Arsenal"},"content":{"rendered":"<h3 class=\"description_subtitle__5h3_L\">Uma camisola do Arsenal que controla a humidade para mostrares as tuas capacidades.<\/h3>\n<p class=\"description_margin__cBW26\">Mostra a tua paix\u00e3o pelos Gunners no campo de treino com esta leve camisola adidas do Arsenal. A pe\u00e7a que os jogadores vestem enquanto se preparam para as partidas do campeonato, inclui AEROREADY absorvente e pain\u00e9is de rede para ventila\u00e7\u00e3o, para futebol sem distra\u00e7\u00f5es. Termocolado no peito, o emblema da equipa fornece toda a inspira\u00e7\u00e3o de que precisas para dar tudo.<\/p>\n","protected":false},"excerpt":{"rendered":"<p>Uma camisola do Arsenal que controla a humidade para mostrares as tuas capacidades. Mostra a tua paix\u00e3o pelos Gunners no campo de treino com esta leve camisola adidas do Arsenal. A pe\u00e7a que os jogadores vestem enquanto se preparam para as partidas do campeonato, inclui AEROREADY absorvente e pain\u00e9is de rede para ventila\u00e7\u00e3o, para futebol [&hellip;]<\/p>\n","protected":false},"featured_media":1177,"comment_status":"open","ping_status":"closed","template":"","meta":{"zakra_page_container_layout":"customizer","zakra_page_sidebar_layout":"customizer","zakra_remove_content_margin":false,"zakra_sidebar":"customizer","zakra_transparent_header":"customizer","zakra_logo":0,"zakra_main_header_style":"default","zakra_menu_item_color":"","zakra_menu_item_hover_color":"","zakra_menu_item_active_color":"","zakra_menu_active_style":"","zakra_page_header":true},"product_brand":[],"product_cat":[22,28],"product_tag":[],"class_list":{"0":"post-1176","1":"product","2":"type-product","3":"status-publish","4":"has-post-thumbnail","6":"product_cat-homem","7":"product_cat-tshirtdeclubes","9":"first","10":"instock","11":"shipping-taxable","12":"purchasable","13":"product-type-simple"},"_links":{"self":[{"href":"https:\/\/paps3sis.esp550.pt\/santiago\/wp-json\/wp\/v2\/product\/1176","targetHints":{"allow":["GET"]}}],"collection":[{"href":"https:\/\/paps3sis.esp550.pt\/santiago\/wp-json\/wp\/v2\/product"}],"about":[{"href":"https:\/\/paps3sis.esp550.pt\/santiago\/wp-json\/wp\/v2\/types\/product"}],"replies":[{"embeddable":true,"href":"https:\/\/paps3sis.esp550.pt\/santiago\/wp-json\/wp\/v2\/comments?post=1176"}],"wp:featuredmedia":[{"embeddable":true,"href":"https:\/\/paps3sis.esp550.pt\/santiago\/wp-json\/wp\/v2\/media\/1177"}],"wp:attachment":[{"href":"https:\/\/paps3sis.esp550.pt\/santiago\/wp-json\/wp\/v2\/media?parent=1176"}],"wp:term":[{"taxonomy":"product_brand","embeddable":true,"href":"https:\/\/paps3sis.esp550.pt\/santiago\/wp-json\/wp\/v2\/product_brand?post=1176"},{"taxonomy":"product_cat","embeddable":true,"href":"https:\/\/paps3sis.esp550.pt\/santiago\/wp-json\/wp\/v2\/product_cat?post=1176"},{"taxonomy":"product_tag","embeddable":true,"href":"https:\/\/paps3sis.esp550.pt\/santiago\/wp-json\/wp\/v2\/product_tag?post=1176"}],"curies":[{"name":"wp","href":"https:\/\/api.w.org\/{rel}","templated":true}]}}