{"id":1636,"date":"2026-04-20T08:25:10","date_gmt":"2026-04-20T08:25:10","guid":{"rendered":"https:\/\/paps3sis.esp550.pt\/santiago\/?page_id=1636"},"modified":"2026-04-20T08:26:12","modified_gmt":"2026-04-20T08:26:12","slug":"sobre-nos","status":"publish","type":"page","link":"https:\/\/paps3sis.esp550.pt\/santiago\/sobre-nos\/","title":{"rendered":"Sobre n\u00f3s"},"content":{"rendered":"\n<p><\/p>\n\n\n\n<h2 class=\"wp-block-heading\">A nossa hist\u00f3ria<\/h2>\n\n\n\n<p class=\"has-medium-font-size\">A&nbsp;<strong>SportFit<\/strong>&nbsp;nasceu da paix\u00e3o pelo desporto e pela vontade de inspirar pessoas a superarem os seus limites todos os dias. Acreditamos que o desempenho come\u00e7a no que vestes \u2014 por isso, criamos uma loja focada em roupa e cal\u00e7ado desportivo que alia&nbsp;<strong>conforto, qualidade e estilo<\/strong>.<\/p>\n\n\n\n<p class=\"has-medium-font-size\">O nosso objetivo \u00e9 simples: oferecer produtos que ajudem atletas e amantes do desporto a sentirem-se confiantes, preparados e motivados.<\/p>\n\n\n\n<p><\/p>\n\n\n\n<p><\/p>\n\n\n\n<h2 class=\"wp-block-heading\">A nossa miss\u00e3o<\/h2>\n\n\n\n<p class=\"has-medium-font-size\">Proporcionar aos nossos clientes artigos desportivos de qualidade, adaptados a diferentes modalidades e estilos de treino, garantindo sempre:<\/p>\n\n\n\n<ul class=\"wp-block-list\">\n<li class=\"has-medium-font-size\"> Conforto e liberdade de movimento<\/li>\n\n\n\n<li class=\"has-medium-font-size\">Design moderno e funcional<\/li>\n\n\n\n<li class=\"has-medium-font-size\"> Excelente rela\u00e7\u00e3o qualidade\/pre\u00e7o<\/li>\n\n\n\n<li class=\"has-medium-font-size\"> Satisfa\u00e7\u00e3o e confian\u00e7a em cada compra<\/li>\n<\/ul>\n\n\n\n<p><\/p>\n\n\n\n<p><\/p>\n\n\n\n<h2 class=\"wp-block-heading\">O que oferecemos<\/h2>\n\n\n\n<p class=\"has-medium-font-size\">Na SportFit encontras:<\/p>\n\n\n\n<ul class=\"wp-block-list\">\n<li class=\"has-medium-font-size\">Roupa desportiva para\u00a0<strong>Homem e Mulher<\/strong><\/li>\n\n\n\n<li class=\"has-medium-font-size\">Cal\u00e7ado para diferentes modalidades<\/li>\n\n\n\n<li class=\"has-medium-font-size\">Equipamentos pensados para treino, corrida e uso casual<\/li>\n\n\n\n<li class=\"has-medium-font-size\">Produtos das marcas mais reconhecidas do mercado<\/li>\n<\/ul>\n\n\n\n<p class=\"has-medium-font-size\">Selecionamos cuidadosamente cada produto para garantir qualidade e desempenho.<\/p>\n\n\n\n<p><\/p>\n\n\n\n<p><\/p>\n\n\n\n<h2 class=\"wp-block-heading\">A nossa vis\u00e3o<\/h2>\n\n\n\n<p class=\"has-medium-font-size\">Queremos tornar-nos uma refer\u00eancia no com\u00e9rcio online de artigos desportivos, criando uma comunidade ativa que valoriza sa\u00fade, bem\u2011estar e supera\u00e7\u00e3o pessoal.<\/p>\n\n\n\n<p class=\"has-medium-font-size\">Acreditamos que o desporto n\u00e3o \u00e9 apenas uma atividade \u2014 \u00e9 um estilo de vida.<\/p>\n","protected":false},"excerpt":{"rendered":"<p>A nossa hist\u00f3ria A&nbsp;SportFit&nbsp;nasceu da paix\u00e3o pelo desporto e pela vontade de inspirar pessoas a superarem os seus limites todos os dias. Acreditamos que o desempenho come\u00e7a no que vestes \u2014 por isso, criamos uma loja focada em roupa e cal\u00e7ado desportivo que alia&nbsp;conforto, qualidade e estilo. O nosso objetivo \u00e9 simples: oferecer produtos que [&hellip;]<\/p>\n","protected":false},"author":1,"featured_media":0,"parent":0,"menu_order":0,"comment_status":"closed","ping_status":"closed","template":"","meta":{"zakra_page_container_layout":"customizer","zakra_page_sidebar_layout":"customizer","zakra_remove_content_margin":false,"zakra_sidebar":"customizer","zakra_transparent_header":"customizer","zakra_logo":0,"zakra_main_header_style":"default","zakra_menu_item_color":"","zakra_menu_item_hover_color":"","zakra_menu_item_active_color":"","zakra_menu_active_style":"","zakra_page_header":true,"footnotes":""},"class_list":["post-1636","page","type-page","status-publish","hentry"],"_links":{"self":[{"href":"https:\/\/paps3sis.esp550.pt\/santiago\/wp-json\/wp\/v2\/pages\/1636","targetHints":{"allow":["GET"]}}],"collection":[{"href":"https:\/\/paps3sis.esp550.pt\/santiago\/wp-json\/wp\/v2\/pages"}],"about":[{"href":"https:\/\/paps3sis.esp550.pt\/santiago\/wp-json\/wp\/v2\/types\/page"}],"author":[{"embeddable":true,"href":"https:\/\/paps3sis.esp550.pt\/santiago\/wp-json\/wp\/v2\/users\/1"}],"replies":[{"embeddable":true,"href":"https:\/\/paps3sis.esp550.pt\/santiago\/wp-json\/wp\/v2\/comments?post=1636"}],"version-history":[{"count":3,"href":"https:\/\/paps3sis.esp550.pt\/santiago\/wp-json\/wp\/v2\/pages\/1636\/revisions"}],"predecessor-version":[{"id":1639,"href":"https:\/\/paps3sis.esp550.pt\/santiago\/wp-json\/wp\/v2\/pages\/1636\/revisions\/1639"}],"wp:attachment":[{"href":"https:\/\/paps3sis.esp550.pt\/santiago\/wp-json\/wp\/v2\/media?parent=1636"}],"curies":[{"name":"wp","href":"https:\/\/api.w.org\/{rel}","templated":true}]}}